{"id":7,"date":"2019-04-25T14:30:30","date_gmt":"2019-04-25T12:30:30","guid":{"rendered":"https:\/\/wcserwis.pl\/toaleta\/?post_type=product&#038;p=7"},"modified":"2025-06-18T04:56:07","modified_gmt":"2025-06-18T04:56:07","slug":"zamow-online","status":"publish","type":"product","link":"https:\/\/wcserwis.pl\/toaleta\/zamow-online\/","title":{"rendered":"Zam\u00f3w online"},"content":{"rendered":"<p><!--<img loading=\"lazy\" class=\"aligncenter wp-image-35292 size-full maintance \" id=\"maintance-image\" src=\"https:\/\/kaposeo.pl\/michal\/toaleta\/wp-content\/uploads\/2022\/01\/prace-serwisowe.png\" alt=\"prace serwisowe\" width=\"800\" height=\"800\" \/><span data-mce-type=\"bookmark\" style=\"display: inline-block; width: 0px; overflow: hidden; line-height: 0;\" class=\"mce_SELRES_start\"><\/span><span data-mce-type=\"bookmark\" style=\"display: inline-block; width: 0px; overflow: hidden; line-height: 0;\" class=\"mce_SELRES_start\"><\/span><span data-mce-type=\"bookmark\" style=\"display: inline-block; width: 0px; overflow: hidden; line-height: 0;\" class=\"mce_SELRES_start\"><\/span>--><br \/>\n<!--<styles>\n\/*div#product-7 {\nfilter: blur(10px);\npointer-events: none;\nmax-height: 800px;\noverflow-y: hidden;\n}\n\np.product-secondary-title {\ndisplay: none;\n}*\/\n<\/styles>\n--><\/p>\n","protected":false},"excerpt":{"rendered":"<p><img loading=\"lazy\" class=\"pink-banner lazyloaded alignnone wp-image-76202 size-medium\" src=\"https:\/\/wcserwis.pl\/toaleta\/wp-content\/uploads\/2019\/04\/219-cena-wcserwis.png\" alt=\"\" width=\"300\" height=\"300\" \/><\/p>\n<ul class=\"description-main\">\n<li><span style=\"font-weight: 400;\">Wynajmij na 28 dni z mo\u017cliwo\u015bci\u0105 przed\u0142u\u017cenia<\/span>,<\/li>\n<li><span style=\"font-weight: 400;\">Darmowa dostawa w ci\u0105gu <span class=\"text-underline\">2 dni roboczych<\/span><\/span>,<\/li>\n<li><span style=\"font-weight: 400;\">Przypomnienia sms i mail.<\/span><\/li>\n<\/ul>\n<div id=\"noMobile\" style=\"display: none;\">\n<ul>\n<li><span style=\"font-weight: 400;\">pisuar<\/span><\/li>\n<li><span style=\"font-weight: 400;\">umywalka (opcjonalnie)<\/span><\/li>\n<li><span style=\"font-weight: 400;\">przeciwpo\u015blizgowa pod\u0142oga<\/span><\/li>\n<li><span style=\"font-weight: 400;\">dwa niezale\u017cne systemy wentylacji<\/span><\/li>\n<li><span style=\"font-weight: 400;\">zamek \u201cwolne\/zaj\u0119te\u201d<\/span><\/li>\n<li><span style=\"font-weight: 400;\">pojemnik na 2 rolki papieru toaletowego<\/span><\/li>\n<li><span style=\"font-weight: 400;\">automat zamykaj\u0105cy drzwi<\/span><\/li>\n<\/ul>\n<\/div>\n<div id=\"mobile\" style=\"width: max-content; margin-bottom: 30px; height: 300px;\">\n<style>\n.product-main-section{background:white;}#mobile b{    padding: 5px;    background: #ebebeb;width: 50%;cursor: pointer !important;    text-align: center;}#mobile .active{    background: #009091;    color: white;}#mobile ul{   background: #ebebeb;width: 300px;     margin:0;color:black;}#mobile ul li::marker {  color: #009091;font-size: 2em;}#mobile p{     margin:0;display: flex;   width: 300px;    margin: 0;    flex-direction: row;    justify-content: space-around;}<\/p>\n<\/style>\n<p><b class=\"active\">Wyposa\u017cenie<\/b><b>Dane techniczne<\/b><\/p>\n<ul>\n<li><span style=\"font-weight: 400;\">pisuar<\/span><\/li>\n<li><span style=\"font-weight: 400;\">umywalka (opcjonalnie)<\/span><\/li>\n<li><span style=\"font-weight: 400;\">przeciwpo\u015blizgowa pod\u0142oga<\/span><\/li>\n<li><span style=\"font-weight: 400;\">dwa niezale\u017cne systemy wentylacji<\/span><\/li>\n<li><span style=\"font-weight: 400;\">zamek \u201cwolne\/zaj\u0119te\u201d<\/span><\/li>\n<li><span style=\"font-weight: 400;\">pojemnik na 2 rolki papieru toaletowego<\/span><\/li>\n<li><span style=\"font-weight: 400;\">automat zamykaj\u0105cy drzwi<\/span><\/li>\n<\/ul>\n<ul style=\"display: none;\">\n<li><span style=\"font-weight: 400;\">Szeroko\u015b\u0107: 1120 mm<\/span><\/li>\n<li><span style=\"font-weight: 400;\">Wysoko\u015b\u0107: 2260 mm<\/span><\/li>\n<li><span style=\"font-weight: 400;\">G\u0142\u0119boko\u015b\u0107: 1220 mm<\/span><\/li>\n<li><span style=\"font-weight: 400;\">Pojemno\u015b\u0107 zbiornika: 265 l<\/span><\/li>\n<li><span style=\"font-weight: 400;\">Zdj\u0119cia toalety s\u0105 podgl\u0105dowe<\/span><\/li>\n<\/ul>\n<\/div>\n<p class=\"description-small-text\" style=\"margin-bottom: unset;\">Przez ten formularz mo\u017cesz zam\u00f3wi\u0107 <strong>jedn\u0105 toalet\u0119<\/strong>, je\u015bli potrzebujesz wi\u0119cej toalet lub innych rozwi\u0105za\u0144 to zapraszamy <span class=\"popup-product\"><strong>do kontaktu<\/strong><\/span> <a href=\"tel:801133088\"><strong> 801 133 088<\/strong><\/a><\/p>\n<p class=\"description-small-text\" style=\"margin-bottom: 20px;\">Masz pytania dotycz\u0105ce zamawiania toalet? Sprawd\u017a <a class=\"font-bold\" href=\"\/faq\/\">najcz\u0119\u015bciej zadawane pytania<\/a>.<\/p>\n<div class=\"scroll-to-map-container\">\n<p class=\"scroll-to-map\">Podaj lokalizacj\u0119<\/p>\n<\/div>\n<p><img class=\"arrow-down arrow-down1\" src=\"https:\/\/wcserwis.pl\/toaleta\/wp-content\/uploads\/2024\/04\/arrow-down1.png\" \/><\/p>\n","protected":false},"featured_media":65249,"template":"","meta":[],"yoast_head":"<!-- This site is optimized with the Yoast SEO plugin v18.0 - https:\/\/yoast.com\/wordpress\/plugins\/seo\/ -->\n<title>Wynajmij toalet\u0119 przeno\u015bn\u0105 online! \u2013 WC Serwis<\/title>\n<meta name=\"description\" content=\"Zam\u00f3wienie toalety przeno\u015bnej jeszcze nigdy nie by\u0142o tak proste. Podaj adres i okres wynajmu, a zam\u00f3wienie op\u0142a\u0107 online.\" \/>\n<meta name=\"robots\" content=\"index, follow, max-snippet:-1, max-image-preview:large, max-video-preview:-1\" \/>\n<link rel=\"canonical\" href=\"https:\/\/wcserwis.pl\/\" \/>\n<meta property=\"og:locale\" content=\"pl_PL\" \/>\n<meta property=\"og:type\" content=\"article\" \/>\n<meta property=\"og:title\" content=\"Wynajmij toalet\u0119 przeno\u015bn\u0105 przez panel online w 2 minuty! - WC Serwis\" \/>\n<meta property=\"og:description\" content=\"Zam\u00f3wienie toalety przeno\u015bnej jeszcze nigdy nie by\u0142o tak proste. Podaj adres i okres wynajmu, a zam\u00f3wienie op\u0142a\u0107 online.\" \/>\n<meta property=\"og:url\" content=\"https:\/\/wcserwis.pl\/\" \/>\n<meta property=\"og:site_name\" content=\"Zam\u00f3w toalet\u0119 online w 2 minuty\" \/>\n<meta property=\"article:modified_time\" content=\"2025-06-18T04:56:07+00:00\" \/>\n<meta name=\"twitter:card\" content=\"summary_large_image\" \/>\n<meta name=\"twitter:image\" content=\"https:\/\/wcserwis.pl\/toaleta\/wp-content\/uploads\/2019\/04\/vip-skos.png\" \/>\n<script type=\"application\/ld+json\" class=\"yoast-schema-graph\">{\"@context\":\"https:\/\/schema.org\",\"@graph\":[{\"@type\":\"WebSite\",\"@id\":\"https:\/\/wcserwis.pl\/toaleta\/#website\",\"url\":\"https:\/\/wcserwis.pl\/toaleta\/\",\"name\":\"Zam\u00f3w toalet\u0119 online w 2 minuty\",\"description\":\"Wejd\u017a i zam\u00f3w wynajem toalety przeno\u015bnej prze internet bez zb\u0119dnych formalno\u015bci\",\"potentialAction\":[{\"@type\":\"SearchAction\",\"target\":{\"@type\":\"EntryPoint\",\"urlTemplate\":\"https:\/\/wcserwis.pl\/toaleta\/?s={search_term_string}\"},\"query-input\":\"required name=search_term_string\"}],\"inLanguage\":\"pl-PL\"},{\"@type\":\"ImageObject\",\"@id\":\"https:\/\/wcserwis.pl\/#primaryimage\",\"inLanguage\":\"pl-PL\",\"url\":\"\",\"contentUrl\":\"\"},{\"@type\":\"WebPage\",\"@id\":\"https:\/\/wcserwis.pl\/#webpage\",\"url\":\"https:\/\/wcserwis.pl\/\",\"name\":\"Wynajmij toalet\u0119 przeno\u015bn\u0105 online! \u2013 WC Serwis\",\"isPartOf\":{\"@id\":\"https:\/\/wcserwis.pl\/toaleta\/#website\"},\"primaryImageOfPage\":{\"@id\":\"https:\/\/wcserwis.pl\/#primaryimage\"},\"datePublished\":\"2019-04-25T12:30:30+00:00\",\"dateModified\":\"2025-06-18T04:56:07+00:00\",\"description\":\"Zam\u00f3wienie toalety przeno\u015bnej jeszcze nigdy nie by\u0142o tak proste. Podaj adres i okres wynajmu, a zam\u00f3wienie op\u0142a\u0107 online.\",\"breadcrumb\":{\"@id\":\"https:\/\/wcserwis.pl\/#breadcrumb\"},\"inLanguage\":\"pl-PL\",\"potentialAction\":[{\"@type\":\"ReadAction\",\"target\":[\"https:\/\/wcserwis.pl\/\"]}]},{\"@type\":\"BreadcrumbList\",\"@id\":\"https:\/\/wcserwis.pl\/#breadcrumb\",\"itemListElement\":[{\"@type\":\"ListItem\",\"position\":1,\"name\":\"Strona g\u0142\u00f3wna\",\"item\":\"https:\/\/wcserwis.pl\/toaleta\/\"},{\"@type\":\"ListItem\",\"position\":2,\"name\":\"Sklep\",\"item\":\"https:\/\/wcserwis.pl\/toaleta\/?page_id=41\"},{\"@type\":\"ListItem\",\"position\":3,\"name\":\"Zam\u00f3w online\"}]}]}<\/script>\n<!-- \/ Yoast SEO plugin. -->","yoast_head_json":{"title":"Wynajmij toalet\u0119 przeno\u015bn\u0105 online! \u2013 WC Serwis","description":"Zam\u00f3wienie toalety przeno\u015bnej jeszcze nigdy nie by\u0142o tak proste. Podaj adres i okres wynajmu, a zam\u00f3wienie op\u0142a\u0107 online.","robots":{"index":"index","follow":"follow","max-snippet":"max-snippet:-1","max-image-preview":"max-image-preview:large","max-video-preview":"max-video-preview:-1"},"canonical":"https:\/\/wcserwis.pl\/","og_locale":"pl_PL","og_type":"article","og_title":"Wynajmij toalet\u0119 przeno\u015bn\u0105 przez panel online w 2 minuty! - WC Serwis","og_description":"Zam\u00f3wienie toalety przeno\u015bnej jeszcze nigdy nie by\u0142o tak proste. Podaj adres i okres wynajmu, a zam\u00f3wienie op\u0142a\u0107 online.","og_url":"https:\/\/wcserwis.pl\/","og_site_name":"Zam\u00f3w toalet\u0119 online w 2 minuty","article_modified_time":"2025-06-18T04:56:07+00:00","twitter_card":"summary_large_image","twitter_image":"https:\/\/wcserwis.pl\/toaleta\/wp-content\/uploads\/2019\/04\/vip-skos.png","schema":{"@context":"https:\/\/schema.org","@graph":[{"@type":"WebSite","@id":"https:\/\/wcserwis.pl\/toaleta\/#website","url":"https:\/\/wcserwis.pl\/toaleta\/","name":"Zam\u00f3w toalet\u0119 online w 2 minuty","description":"Wejd\u017a i zam\u00f3w wynajem toalety przeno\u015bnej prze internet bez zb\u0119dnych formalno\u015bci","potentialAction":[{"@type":"SearchAction","target":{"@type":"EntryPoint","urlTemplate":"https:\/\/wcserwis.pl\/toaleta\/?s={search_term_string}"},"query-input":"required name=search_term_string"}],"inLanguage":"pl-PL"},{"@type":"ImageObject","@id":"https:\/\/wcserwis.pl\/#primaryimage","inLanguage":"pl-PL","url":"","contentUrl":""},{"@type":"WebPage","@id":"https:\/\/wcserwis.pl\/#webpage","url":"https:\/\/wcserwis.pl\/","name":"Wynajmij toalet\u0119 przeno\u015bn\u0105 online! \u2013 WC Serwis","isPartOf":{"@id":"https:\/\/wcserwis.pl\/toaleta\/#website"},"primaryImageOfPage":{"@id":"https:\/\/wcserwis.pl\/#primaryimage"},"datePublished":"2019-04-25T12:30:30+00:00","dateModified":"2025-06-18T04:56:07+00:00","description":"Zam\u00f3wienie toalety przeno\u015bnej jeszcze nigdy nie by\u0142o tak proste. Podaj adres i okres wynajmu, a zam\u00f3wienie op\u0142a\u0107 online.","breadcrumb":{"@id":"https:\/\/wcserwis.pl\/#breadcrumb"},"inLanguage":"pl-PL","potentialAction":[{"@type":"ReadAction","target":["https:\/\/wcserwis.pl\/"]}]},{"@type":"BreadcrumbList","@id":"https:\/\/wcserwis.pl\/#breadcrumb","itemListElement":[{"@type":"ListItem","position":1,"name":"Strona g\u0142\u00f3wna","item":"https:\/\/wcserwis.pl\/toaleta\/"},{"@type":"ListItem","position":2,"name":"Sklep","item":"https:\/\/wcserwis.pl\/toaleta\/?page_id=41"},{"@type":"ListItem","position":3,"name":"Zam\u00f3w online"}]}]}},"_links":{"self":[{"href":"https:\/\/wcserwis.pl\/toaleta\/wp-json\/wp\/v2\/product\/7"}],"collection":[{"href":"https:\/\/wcserwis.pl\/toaleta\/wp-json\/wp\/v2\/product"}],"about":[{"href":"https:\/\/wcserwis.pl\/toaleta\/wp-json\/wp\/v2\/types\/product"}],"wp:featuredmedia":[{"embeddable":true,"href":"https:\/\/wcserwis.pl\/toaleta\/wp-json\/wp\/v2\/media\/65249"}],"wp:attachment":[{"href":"https:\/\/wcserwis.pl\/toaleta\/wp-json\/wp\/v2\/media?parent=7"}],"curies":[{"name":"wp","href":"https:\/\/api.w.org\/{rel}","templated":true}]}}